{"id":24410,"date":"2023-01-22T21:14:08","date_gmt":"2023-01-22T20:14:08","guid":{"rendered":"https:\/\/hofer.law\/?page_id=24410"},"modified":"2023-01-22T21:16:34","modified_gmt":"2023-01-22T20:16:34","slug":"verguetungsmodelle","status":"publish","type":"page","link":"https:\/\/hofer.law\/en\/verguetungsmodelle\/","title":{"rendered":"remuneration models"},"content":{"rendered":"<div data-elementor-type=\"wp-page\" data-elementor-id=\"24410\" class=\"elementor elementor-24410\" data-elementor-post-type=\"page\">\n\t\t\t\t\t\t\t\t\t<section class=\"elementor-section elementor-top-section elementor-element elementor-element-408e6cb5 elementor-section-boxed elementor-section-height-default elementor-section-height-default\" data-id=\"408e6cb5\" data-element_type=\"section\" data-settings=\"{&quot;background_background&quot;:&quot;classic&quot;}\" data-e-bg-lazyload=\"\">\n\t\t\t\t\t\t\t<div class=\"elementor-background-overlay\"><\/div>\n\t\t\t\t\t\t\t<div class=\"elementor-container elementor-column-gap-default\">\n\t\t\t\t\t<div class=\"elementor-column elementor-col-100 elementor-top-column elementor-element elementor-element-10660ec7\" data-id=\"10660ec7\" data-element_type=\"column\">\n\t\t\t<div class=\"elementor-widget-wrap elementor-element-populated\">\n\t\t\t\t\t\t\t\t<section class=\"elementor-section elementor-inner-section elementor-element elementor-element-1e9f4b6c elementor-section-boxed elementor-section-height-default elementor-section-height-default\" data-id=\"1e9f4b6c\" data-element_type=\"section\">\n\t\t\t\t\t\t<div class=\"elementor-container elementor-column-gap-no\">\n\t\t\t\t\t<div class=\"elementor-column elementor-col-100 elementor-inner-column elementor-element elementor-element-582e475\" data-id=\"582e475\" data-element_type=\"column\">\n\t\t\t<div class=\"elementor-widget-wrap elementor-element-populated\">\n\t\t\t\t\t\t\t\t<div class=\"elementor-element elementor-element-742e5694 elementor-widget elementor-widget-heading\" data-id=\"742e5694\" data-element_type=\"widget\" data-widget_type=\"heading.default\">\n\t\t\t\t<div class=\"elementor-widget-container\">\n\t\t\t<style>\/*! elementor - v3.18.0 - 20-12-2023 *\/\n.elementor-heading-title{padding:0;margin:0;line-height:1}.elementor-widget-heading .elementor-heading-title[class*=elementor-size-]>a{color:inherit;font-size:inherit;line-height:inherit}.elementor-widget-heading .elementor-heading-title.elementor-size-small{font-size:15px}.elementor-widget-heading .elementor-heading-title.elementor-size-medium{font-size:19px}.elementor-widget-heading .elementor-heading-title.elementor-size-large{font-size:29px}.elementor-widget-heading .elementor-heading-title.elementor-size-xl{font-size:39px}.elementor-widget-heading .elementor-heading-title.elementor-size-xxl{font-size:59px}<\/style><h2 class=\"elementor-heading-title elementor-size-default\">remuneration models<\/h2>\t\t<\/div>\n\t\t\t\t<\/div>\n\t\t\t\t\t<\/div>\n\t\t<\/div>\n\t\t\t\t\t\t\t<\/div>\n\t\t<\/section>\n\t\t\t\t\t<\/div>\n\t\t<\/div>\n\t\t\t\t\t\t\t<\/div>\n\t\t<\/section>\n\t\t\t\t<section class=\"elementor-section elementor-top-section elementor-element elementor-element-43f33cd3 elementor-section-boxed elementor-section-height-default elementor-section-height-default\" data-id=\"43f33cd3\" data-element_type=\"section\" data-settings=\"{&quot;background_background&quot;:&quot;classic&quot;}\">\n\t\t\t\t\t\t<div class=\"elementor-container elementor-column-gap-default\">\n\t\t\t\t\t<div class=\"elementor-column elementor-col-50 elementor-top-column elementor-element elementor-element-1d0fbceb\" data-id=\"1d0fbceb\" data-element_type=\"column\">\n\t\t\t<div class=\"elementor-widget-wrap elementor-element-populated\">\n\t\t\t\t\t\t\t\t<div class=\"elementor-element elementor-element-165588f7 elementor-widget elementor-widget-text-editor\" data-id=\"165588f7\" data-element_type=\"widget\" data-widget_type=\"text-editor.default\">\n\t\t\t\t<div class=\"elementor-widget-container\">\n\t\t\t<style>\/*! elementor - v3.18.0 - 20-12-2023 *\/\n.elementor-widget-text-editor.elementor-drop-cap-view-stacked .elementor-drop-cap{background-color:#69727d;color:#fff}.elementor-widget-text-editor.elementor-drop-cap-view-framed .elementor-drop-cap{color:#69727d;border:3px solid;background-color:transparent}.elementor-widget-text-editor:not(.elementor-drop-cap-view-default) .elementor-drop-cap{margin-top:8px}.elementor-widget-text-editor:not(.elementor-drop-cap-view-default) .elementor-drop-cap-letter{width:1em;height:1em}.elementor-widget-text-editor .elementor-drop-cap{float:left;text-align:center;line-height:1;font-size:50px}.elementor-widget-text-editor .elementor-drop-cap-letter{display:inline-block}<\/style>\t\t\t\t<p>Regulatory requirements at both national and European level are having an ever-increasing influence on banks&#039; remuneration systems. The administrative burden for banks that want to continue to pay their employees variable remuneration is increasing. A well thought-out remuneration system is therefore essential for banks.<\/p><p>As a big four spin-off, we are a law firm that combines legal advice at the highest professional level with the best in management consulting. Our interdisciplinary team combines extensive expertise in the areas of employment law, risk management and banking advice. We are your reliable partner in the development of reasonable and legally compliant remuneration systems and in their ongoing evaluation and adjustment.<\/p>\t\t\t\t\t\t<\/div>\n\t\t\t\t<\/div>\n\t\t\t\t<section class=\"elementor-section elementor-inner-section elementor-element elementor-element-3e9b5a5 elementor-section-content-middle elementor-section-boxed elementor-section-height-default elementor-section-height-default\" data-id=\"3e9b5a5\" data-element_type=\"section\">\n\t\t\t\t\t\t<div class=\"elementor-container elementor-column-gap-no\">\n\t\t\t\t\t<div class=\"elementor-column elementor-col-100 elementor-inner-column elementor-element elementor-element-33315ea6\" data-id=\"33315ea6\" data-element_type=\"column\">\n\t\t\t<div class=\"elementor-widget-wrap elementor-element-populated\">\n\t\t\t\t\t\t\t\t<div class=\"elementor-element elementor-element-63ff86c1 elementor-widget elementor-widget-text-editor\" data-id=\"63ff86c1\" data-element_type=\"widget\" data-widget_type=\"text-editor.default\">\n\t\t\t\t<div class=\"elementor-widget-container\">\n\t\t\t\t\t\t\t<p>Our services for you in terms of remuneration models are diverse. These include, among other things:<\/p>\t\t\t\t\t\t<\/div>\n\t\t\t\t<\/div>\n\t\t\t\t<div class=\"elementor-element elementor-element-7ce49ed8 elementor-icon-list--layout-traditional elementor-list-item-link-full_width elementor-widget elementor-widget-icon-list\" data-id=\"7ce49ed8\" data-element_type=\"widget\" data-widget_type=\"icon-list.default\">\n\t\t\t\t<div class=\"elementor-widget-container\">\n\t\t\t<link rel=\"stylesheet\" href=\"https:\/\/hofer.law\/wp-content\/plugins\/elementor\/assets\/css\/widget-icon-list.min.css\">\t\t<ul class=\"elementor-icon-list-items\">\n\t\t\t\t\t\t\t<li class=\"elementor-icon-list-item\">\n\t\t\t\t\t\t\t\t\t\t\t<span class=\"elementor-icon-list-icon\">\n\t\t\t\t\t\t\t<i aria-hidden=\"true\" class=\"fas fa-check\"><\/i>\t\t\t\t\t\t<\/span>\n\t\t\t\t\t\t\t\t\t\t<span class=\"elementor-icon-list-text\">Conception and creation of your individual compensation system<\/span>\n\t\t\t\t\t\t\t\t\t<\/li>\n\t\t\t\t\t\t\t\t<li class=\"elementor-icon-list-item\">\n\t\t\t\t\t\t\t\t\t\t\t<span class=\"elementor-icon-list-icon\">\n\t\t\t\t\t\t\t<i aria-hidden=\"true\" class=\"fas fa-check\"><\/i>\t\t\t\t\t\t<\/span>\n\t\t\t\t\t\t\t\t\t\t<span class=\"elementor-icon-list-text\">Ongoing evaluation and adjustment<\/span>\n\t\t\t\t\t\t\t\t\t<\/li>\n\t\t\t\t\t\t\t\t<li class=\"elementor-icon-list-item\">\n\t\t\t\t\t\t\t\t\t\t\t<span class=\"elementor-icon-list-icon\">\n\t\t\t\t\t\t\t<i aria-hidden=\"true\" class=\"fas fa-check\"><\/i>\t\t\t\t\t\t<\/span>\n\t\t\t\t\t\t\t\t\t\t<span class=\"elementor-icon-list-text\">Compensation Policy Support<\/span>\n\t\t\t\t\t\t\t\t\t<\/li>\n\t\t\t\t\t\t\t\t<li class=\"elementor-icon-list-item\">\n\t\t\t\t\t\t\t\t\t\t\t<span class=\"elementor-icon-list-icon\">\n\t\t\t\t\t\t\t<i aria-hidden=\"true\" class=\"fas fa-check\"><\/i>\t\t\t\t\t\t<\/span>\n\t\t\t\t\t\t\t\t\t\t<span class=\"elementor-icon-list-text\">Representation before the supervisory authorities<\/span>\n\t\t\t\t\t\t\t\t\t<\/li>\n\t\t\t\t\t\t<\/ul>\n\t\t\t\t<\/div>\n\t\t\t\t<\/div>\n\t\t\t\t\t<\/div>\n\t\t<\/div>\n\t\t\t\t\t\t\t<\/div>\n\t\t<\/section>\n\t\t\t\t<div class=\"elementor-element elementor-element-3b49dbdb elementor-widget-divider--view-line elementor-widget elementor-widget-divider\" data-id=\"3b49dbdb\" data-element_type=\"widget\" data-widget_type=\"divider.default\">\n\t\t\t\t<div class=\"elementor-widget-container\">\n\t\t\t<style>\/*! elementor - v3.18.0 - 20-12-2023 *\/\n.elementor-widget-divider{--divider-border-style:none;--divider-border-width:1px;--divider-color:#0c0d0e;--divider-icon-size:20px;--divider-element-spacing:10px;--divider-pattern-height:24px;--divider-pattern-size:20px;--divider-pattern-url:none;--divider-pattern-repeat:repeat-x}.elementor-widget-divider .elementor-divider{display:flex}.elementor-widget-divider .elementor-divider__text{font-size:15px;line-height:1;max-width:95%}.elementor-widget-divider .elementor-divider__element{margin:0 var(--divider-element-spacing);flex-shrink:0}.elementor-widget-divider .elementor-icon{font-size:var(--divider-icon-size)}.elementor-widget-divider .elementor-divider-separator{display:flex;margin:0;direction:ltr}.elementor-widget-divider--view-line_icon .elementor-divider-separator,.elementor-widget-divider--view-line_text .elementor-divider-separator{align-items:center}.elementor-widget-divider--view-line_icon .elementor-divider-separator:after,.elementor-widget-divider--view-line_icon .elementor-divider-separator:before,.elementor-widget-divider--view-line_text .elementor-divider-separator:after,.elementor-widget-divider--view-line_text .elementor-divider-separator:before{display:block;content:\"\";border-bottom:0;flex-grow:1;border-top:var(--divider-border-width) var(--divider-border-style) var(--divider-color)}.elementor-widget-divider--element-align-left .elementor-divider .elementor-divider-separator>.elementor-divider__svg:first-of-type{flex-grow:0;flex-shrink:100}.elementor-widget-divider--element-align-left .elementor-divider-separator:before{content:none}.elementor-widget-divider--element-align-left .elementor-divider__element{margin-left:0}.elementor-widget-divider--element-align-right .elementor-divider .elementor-divider-separator>.elementor-divider__svg:last-of-type{flex-grow:0;flex-shrink:100}.elementor-widget-divider--element-align-right .elementor-divider-separator:after{content:none}.elementor-widget-divider--element-align-right .elementor-divider__element{margin-right:0}.elementor-widget-divider:not(.elementor-widget-divider--view-line_text):not(.elementor-widget-divider--view-line_icon) .elementor-divider-separator{border-top:var(--divider-border-width) var(--divider-border-style) var(--divider-color)}.elementor-widget-divider--separator-type-pattern{--divider-border-style:none}.elementor-widget-divider--separator-type-pattern.elementor-widget-divider--view-line .elementor-divider-separator,.elementor-widget-divider--separator-type-pattern:not(.elementor-widget-divider--view-line) .elementor-divider-separator:after,.elementor-widget-divider--separator-type-pattern:not(.elementor-widget-divider--view-line) .elementor-divider-separator:before,.elementor-widget-divider--separator-type-pattern:not([class*=elementor-widget-divider--view]) .elementor-divider-separator{width:100%;min-height:var(--divider-pattern-height);-webkit-mask-size:var(--divider-pattern-size) 100%;mask-size:var(--divider-pattern-size) 100%;-webkit-mask-repeat:var(--divider-pattern-repeat);mask-repeat:var(--divider-pattern-repeat);background-color:var(--divider-color);-webkit-mask-image:var(--divider-pattern-url);mask-image:var(--divider-pattern-url)}.elementor-widget-divider--no-spacing{--divider-pattern-size:auto}.elementor-widget-divider--bg-round{--divider-pattern-repeat:round}.rtl .elementor-widget-divider .elementor-divider__text{direction:rtl}.e-con-inner>.elementor-widget-divider,.e-con>.elementor-widget-divider{width:var(--container-widget-width,100%);--flex-grow:var(--container-widget-flex-grow)}<\/style>\t\t<div class=\"elementor-divider\">\n\t\t\t<span class=\"elementor-divider-separator\">\n\t\t\t\t\t\t<\/span>\n\t\t<\/div>\n\t\t\t\t<\/div>\n\t\t\t\t<\/div>\n\t\t\t\t\t<\/div>\n\t\t<\/div>\n\t\t\t\t<div class=\"elementor-column elementor-col-50 elementor-top-column elementor-element elementor-element-2765d697\" data-id=\"2765d697\" data-element_type=\"column\" data-settings=\"{&quot;background_background&quot;:&quot;classic&quot;}\">\n\t\t\t<div class=\"elementor-widget-wrap elementor-element-populated\">\n\t\t\t\t\t\t\t\t<section class=\"elementor-section elementor-inner-section elementor-element elementor-element-257a12f6 elementor-section-boxed elementor-section-height-default elementor-section-height-default\" data-id=\"257a12f6\" data-element_type=\"section\" data-settings=\"{&quot;background_background&quot;:&quot;classic&quot;}\" data-e-bg-lazyload=\"\">\n\t\t\t\t\t\t\t<div class=\"elementor-background-overlay\"><\/div>\n\t\t\t\t\t\t\t<div class=\"elementor-container elementor-column-gap-no\">\n\t\t\t\t\t<div class=\"elementor-column elementor-col-100 elementor-inner-column elementor-element elementor-element-4b9e3c36\" data-id=\"4b9e3c36\" data-element_type=\"column\">\n\t\t\t<div class=\"elementor-widget-wrap elementor-element-populated\">\n\t\t\t\t\t\t\t\t<div class=\"elementor-element elementor-element-55a24cd2 elementor-widget elementor-widget-heading\" data-id=\"55a24cd2\" data-element_type=\"widget\" data-widget_type=\"heading.default\">\n\t\t\t\t<div class=\"elementor-widget-container\">\n\t\t\t<h3 class=\"elementor-heading-title elementor-size-default\">Any questions?<\/h3>\t\t<\/div>\n\t\t\t\t<\/div>\n\t\t\t\t<div class=\"elementor-element elementor-element-45ef8e4d elementor-widget elementor-widget-text-editor\" data-id=\"45ef8e4d\" data-element_type=\"widget\" data-widget_type=\"text-editor.default\">\n\t\t\t\t<div class=\"elementor-widget-container\">\n\t\t\t\t\t\t\t<p class=\"elementor-heading-title elementor-size-default\">We think in terms of solutions and put your interests first.<\/p>\t\t\t\t\t\t<\/div>\n\t\t\t\t<\/div>\n\t\t\t\t<div class=\"elementor-element elementor-element-4a7e7661 elementor-icon-list--layout-traditional elementor-list-item-link-full_width elementor-widget elementor-widget-icon-list\" data-id=\"4a7e7661\" data-element_type=\"widget\" data-widget_type=\"icon-list.default\">\n\t\t\t\t<div class=\"elementor-widget-container\">\n\t\t\t\t\t<ul class=\"elementor-icon-list-items\">\n\t\t\t\t\t\t\t<li class=\"elementor-icon-list-item\">\n\t\t\t\t\t\t\t\t\t\t\t<span class=\"elementor-icon-list-icon\">\n\t\t\t\t\t\t\t<i aria-hidden=\"true\" class=\"fas fa-phone-alt\"><\/i>\t\t\t\t\t\t<\/span>\n\t\t\t\t\t\t\t\t\t\t<span class=\"elementor-icon-list-text\">+43 (1) 91 666 87<\/span>\n\t\t\t\t\t\t\t\t\t<\/li>\n\t\t\t\t\t\t\t\t<li class=\"elementor-icon-list-item\">\n\t\t\t\t\t\t\t\t\t\t\t<span class=\"elementor-icon-list-icon\">\n\t\t\t\t\t\t\t<i aria-hidden=\"true\" class=\"fas fa-envelope\"><\/i>\t\t\t\t\t\t<\/span>\n\t\t\t\t\t\t\t\t\t\t<span class=\"elementor-icon-list-text\">office@hofer.law<\/span>\n\t\t\t\t\t\t\t\t\t<\/li>\n\t\t\t\t\t\t<\/ul>\n\t\t\t\t<\/div>\n\t\t\t\t<\/div>\n\t\t\t\t\t<\/div>\n\t\t<\/div>\n\t\t\t\t\t\t\t<\/div>\n\t\t<\/section>\n\t\t\t\t\t<\/div>\n\t\t<\/div>\n\t\t\t\t\t\t\t<\/div>\n\t\t<\/section>\n\t\t\t\t\t\t\t<\/div>","protected":false},"excerpt":{"rendered":"<p>Verg\u00fctungsmodelle Die regulatorischen Anforderungen sowohl auf nationaler als auch europ\u00e4ischer Ebene nehmen stetig gr\u00f6\u00dferen Einfluss auf die Verg\u00fctungssysteme von Banken. Der Verwaltungsaufwand f\u00fcr Banken, die weiterhin die Leistungen ihrer Mitarbeiter variabel verg\u00fcten wollen, wird immer gr\u00f6\u00dfer. Ein gut durchdachtes Verg\u00fctungssystem ist f\u00fcr Banken daher unumg\u00e4nglich. Als big four Spin-Off sind wir eine Kanzlei, die Rechtsberatung [&hellip;]<\/p>","protected":false},"author":3,"featured_media":0,"parent":0,"menu_order":0,"comment_status":"closed","ping_status":"closed","template":"elementor_header_footer","meta":{"footnotes":""},"class_list":["post-24410","page","type-page","status-publish","hentry"],"yoast_head":"<!-- This site is optimized with the Yoast SEO Premium plugin v21.1 (Yoast SEO v21.4) - https:\/\/yoast.com\/wordpress\/plugins\/seo\/ -->\n<title>WIRTSCHAFTSKANZLEI F\u00dcR UNTERNEHMEN &amp; PRIVATE CLIENTS IN WIEN<\/title>\n<meta name=\"description\" content=\"Sie sind auf der Suche nach einem professionellen Partner f\u00fcr Ihre rechtlichen Angelegenheiten? Mit uns sind Sie stark, wenn aus dem Wind ein Sturm wird\" \/>\n<meta name=\"robots\" content=\"index, follow, max-snippet:-1, max-image-preview:large, max-video-preview:-1\" \/>\n<link rel=\"canonical\" href=\"https:\/\/hofer.law\/en\/verguetungsmodelle\/\" \/>\n<meta property=\"og:locale\" content=\"en_GB\" \/>\n<meta property=\"og:type\" content=\"article\" \/>\n<meta property=\"og:title\" content=\"Verg\u00fctungsmodelle\" \/>\n<meta property=\"og:url\" content=\"https:\/\/hofer.law\/en\/verguetungsmodelle\/\" \/>\n<meta property=\"article:modified_time\" content=\"2023-01-22T20:16:34+00:00\" \/>\n<meta property=\"og:image\" content=\"https:\/\/hofer.law\/wp-content\/uploads\/2022\/12\/DSF9100-scaled.jpeg\" \/>\n\t<meta property=\"og:image:width\" content=\"2560\" \/>\n\t<meta property=\"og:image:height\" content=\"1707\" \/>\n\t<meta property=\"og:image:type\" content=\"image\/jpeg\" \/>\n<meta name=\"twitter:label1\" content=\"Estimated reading time\" \/>\n\t<meta name=\"twitter:data1\" content=\"1 minute\" \/>\n<script type=\"application\/ld+json\" class=\"yoast-schema-graph\">{\"@context\":\"https:\/\/schema.org\",\"@graph\":[{\"@type\":[\"Article\",\"BlogPosting\"],\"@id\":\"https:\/\/hofer.law\/verguetungsmodelle\/#article\",\"isPartOf\":{\"@id\":\"https:\/\/hofer.law\/verguetungsmodelle\/\"},\"author\":{\"name\":\"author\",\"@id\":\"https:\/\/hofer.law\/#\/schema\/person\/eabbe1f2954854e166eae2c9b6dc5b5a\"},\"headline\":\"Verg\u00fctungsmodelle\",\"datePublished\":\"2023-01-22T20:14:08+00:00\",\"dateModified\":\"2023-01-22T20:16:34+00:00\",\"mainEntityOfPage\":{\"@id\":\"https:\/\/hofer.law\/verguetungsmodelle\/\"},\"wordCount\":168,\"publisher\":{\"@id\":\"https:\/\/hofer.law\/#organization\"},\"inLanguage\":\"en-GB\"},{\"@type\":\"WebPage\",\"@id\":\"https:\/\/hofer.law\/verguetungsmodelle\/\",\"url\":\"https:\/\/hofer.law\/verguetungsmodelle\/\",\"name\":\"WIRTSCHAFTSKANZLEI F\u00dcR UNTERNEHMEN & PRIVATE CLIENTS IN WIEN\",\"isPartOf\":{\"@id\":\"https:\/\/hofer.law\/#website\"},\"datePublished\":\"2023-01-22T20:14:08+00:00\",\"dateModified\":\"2023-01-22T20:16:34+00:00\",\"description\":\"Sie sind auf der Suche nach einem professionellen Partner f\u00fcr Ihre rechtlichen Angelegenheiten? Mit uns sind Sie stark, wenn aus dem Wind ein Sturm wird\",\"breadcrumb\":{\"@id\":\"https:\/\/hofer.law\/verguetungsmodelle\/#breadcrumb\"},\"inLanguage\":\"en-GB\",\"potentialAction\":[{\"@type\":\"ReadAction\",\"target\":[\"https:\/\/hofer.law\/verguetungsmodelle\/\"]}]},{\"@type\":\"BreadcrumbList\",\"@id\":\"https:\/\/hofer.law\/verguetungsmodelle\/#breadcrumb\",\"itemListElement\":[{\"@type\":\"ListItem\",\"position\":1,\"name\":\"WIRTSCHAFTSKANZLEI F\u00dcR UNTERNEHMEN &amp; PRIVATE CLIENTS IN WIEN\",\"item\":\"https:\/\/hofer.law\/\"},{\"@type\":\"ListItem\",\"position\":2,\"name\":\"Verg\u00fctungsmodelle\"}]},{\"@type\":\"WebSite\",\"@id\":\"https:\/\/hofer.law\/#website\",\"url\":\"https:\/\/hofer.law\/\",\"name\":\"hofer.law\",\"description\":\"WIRTSCHAFTSKANZLEI F\u00dcR UNTERNEHMEN &amp; PRIVATE CLIENTS IN WIEN\",\"publisher\":{\"@id\":\"https:\/\/hofer.law\/#organization\"},\"alternateName\":\"Hofer Rechtsanwalts GmbH\",\"potentialAction\":[{\"@type\":\"SearchAction\",\"target\":{\"@type\":\"EntryPoint\",\"urlTemplate\":\"https:\/\/hofer.law\/?s={search_term_string}\"},\"query-input\":\"required name=search_term_string\"}],\"inLanguage\":\"en-GB\"},{\"@type\":\"Organization\",\"@id\":\"https:\/\/hofer.law\/#organization\",\"name\":\"Hofer Rechtsanwalts GmbH\",\"alternateName\":\"Hofer.Law\",\"url\":\"https:\/\/hofer.law\/\",\"logo\":{\"@type\":\"ImageObject\",\"inLanguage\":\"en-GB\",\"@id\":\"https:\/\/hofer.law\/#\/schema\/logo\/image\/\",\"url\":\"https:\/\/hofer.law\/wp-content\/uploads\/2022\/10\/1634821291411.jpeg\",\"contentUrl\":\"https:\/\/hofer.law\/wp-content\/uploads\/2022\/10\/1634821291411.jpeg\",\"width\":200,\"height\":200,\"caption\":\"Hofer Rechtsanwalts GmbH\"},\"image\":{\"@id\":\"https:\/\/hofer.law\/#\/schema\/logo\/image\/\"},\"sameAs\":[\"https:\/\/www.linkedin.com\/company\/hofer-law-hofer-rechtsanwalts-gmbh\/\"],\"publishingPrinciples\":\"https:\/\/hofer.law\/datenschutz\/\",\"ownershipFundingInfo\":\"https:\/\/hofer.law\/impressum\/\",\"actionableFeedbackPolicy\":\"https:\/\/hofer.law\/impressum\/\",\"ethicsPolicy\":\"https:\/\/hofer.law\/impressum\/\"},{\"@type\":\"Person\",\"@id\":\"https:\/\/hofer.law\/#\/schema\/person\/eabbe1f2954854e166eae2c9b6dc5b5a\",\"name\":\"author\",\"image\":{\"@type\":\"ImageObject\",\"inLanguage\":\"en-GB\",\"@id\":\"https:\/\/hofer.law\/#\/schema\/person\/image\/\",\"url\":\"https:\/\/secure.gravatar.com\/avatar\/01e64b01a61a5a469ff7cfa0fae4ffc3329c86bf738b9bc18e713948bb483e66?s=96&d=mm&r=g\",\"contentUrl\":\"https:\/\/secure.gravatar.com\/avatar\/01e64b01a61a5a469ff7cfa0fae4ffc3329c86bf738b9bc18e713948bb483e66?s=96&d=mm&r=g\",\"caption\":\"author\"}}]}<\/script>\n<!-- \/ Yoast SEO Premium plugin. -->","yoast_head_json":{"title":"WIRTSCHAFTSKANZLEI F\u00dcR UNTERNEHMEN & PRIVATE CLIENTS IN WIEN","description":"Sie sind auf der Suche nach einem professionellen Partner f\u00fcr Ihre rechtlichen Angelegenheiten? Mit uns sind Sie stark, wenn aus dem Wind ein Sturm wird","robots":{"index":"index","follow":"follow","max-snippet":"max-snippet:-1","max-image-preview":"max-image-preview:large","max-video-preview":"max-video-preview:-1"},"canonical":"https:\/\/hofer.law\/en\/verguetungsmodelle\/","og_locale":"en_GB","og_type":"article","og_title":"Verg\u00fctungsmodelle","og_url":"https:\/\/hofer.law\/en\/verguetungsmodelle\/","article_modified_time":"2023-01-22T20:16:34+00:00","og_image":[{"width":2560,"height":1707,"url":"https:\/\/hofer.law\/wp-content\/uploads\/2022\/12\/DSF9100-scaled.jpeg","type":"image\/jpeg"}],"twitter_misc":{"Estimated reading time":"1 minute"},"schema":{"@context":"https:\/\/schema.org","@graph":[{"@type":["Article","BlogPosting"],"@id":"https:\/\/hofer.law\/verguetungsmodelle\/#article","isPartOf":{"@id":"https:\/\/hofer.law\/verguetungsmodelle\/"},"author":{"name":"author","@id":"https:\/\/hofer.law\/#\/schema\/person\/eabbe1f2954854e166eae2c9b6dc5b5a"},"headline":"Verg\u00fctungsmodelle","datePublished":"2023-01-22T20:14:08+00:00","dateModified":"2023-01-22T20:16:34+00:00","mainEntityOfPage":{"@id":"https:\/\/hofer.law\/verguetungsmodelle\/"},"wordCount":168,"publisher":{"@id":"https:\/\/hofer.law\/#organization"},"inLanguage":"en-GB"},{"@type":"WebPage","@id":"https:\/\/hofer.law\/verguetungsmodelle\/","url":"https:\/\/hofer.law\/verguetungsmodelle\/","name":"WIRTSCHAFTSKANZLEI F\u00dcR UNTERNEHMEN & PRIVATE CLIENTS IN WIEN","isPartOf":{"@id":"https:\/\/hofer.law\/#website"},"datePublished":"2023-01-22T20:14:08+00:00","dateModified":"2023-01-22T20:16:34+00:00","description":"Sie sind auf der Suche nach einem professionellen Partner f\u00fcr Ihre rechtlichen Angelegenheiten? Mit uns sind Sie stark, wenn aus dem Wind ein Sturm wird","breadcrumb":{"@id":"https:\/\/hofer.law\/verguetungsmodelle\/#breadcrumb"},"inLanguage":"en-GB","potentialAction":[{"@type":"ReadAction","target":["https:\/\/hofer.law\/verguetungsmodelle\/"]}]},{"@type":"BreadcrumbList","@id":"https:\/\/hofer.law\/verguetungsmodelle\/#breadcrumb","itemListElement":[{"@type":"ListItem","position":1,"name":"WIRTSCHAFTSKANZLEI F\u00dcR UNTERNEHMEN &amp; PRIVATE CLIENTS IN WIEN","item":"https:\/\/hofer.law\/"},{"@type":"ListItem","position":2,"name":"Verg\u00fctungsmodelle"}]},{"@type":"WebSite","@id":"https:\/\/hofer.law\/#website","url":"https:\/\/hofer.law\/","name":"hofer.law","description":"WIRTSCHAFTSKANZLEI F\u00dcR UNTERNEHMEN &amp; PRIVATE CLIENTS IN WIEN","publisher":{"@id":"https:\/\/hofer.law\/#organization"},"alternateName":"Hofer Rechtsanwalts GmbH","potentialAction":[{"@type":"SearchAction","target":{"@type":"EntryPoint","urlTemplate":"https:\/\/hofer.law\/?s={search_term_string}"},"query-input":"required name=search_term_string"}],"inLanguage":"en-GB"},{"@type":"Organization","@id":"https:\/\/hofer.law\/#organization","name":"Hofer Rechtsanwalts GmbH","alternateName":"Hofer.Law","url":"https:\/\/hofer.law\/","logo":{"@type":"ImageObject","inLanguage":"en-GB","@id":"https:\/\/hofer.law\/#\/schema\/logo\/image\/","url":"https:\/\/hofer.law\/wp-content\/uploads\/2022\/10\/1634821291411.jpeg","contentUrl":"https:\/\/hofer.law\/wp-content\/uploads\/2022\/10\/1634821291411.jpeg","width":200,"height":200,"caption":"Hofer Rechtsanwalts GmbH"},"image":{"@id":"https:\/\/hofer.law\/#\/schema\/logo\/image\/"},"sameAs":["https:\/\/www.linkedin.com\/company\/hofer-law-hofer-rechtsanwalts-gmbh\/"],"publishingPrinciples":"https:\/\/hofer.law\/datenschutz\/","ownershipFundingInfo":"https:\/\/hofer.law\/impressum\/","actionableFeedbackPolicy":"https:\/\/hofer.law\/impressum\/","ethicsPolicy":"https:\/\/hofer.law\/impressum\/"},{"@type":"Person","@id":"https:\/\/hofer.law\/#\/schema\/person\/eabbe1f2954854e166eae2c9b6dc5b5a","name":"author","image":{"@type":"ImageObject","inLanguage":"en-GB","@id":"https:\/\/hofer.law\/#\/schema\/person\/image\/","url":"https:\/\/secure.gravatar.com\/avatar\/01e64b01a61a5a469ff7cfa0fae4ffc3329c86bf738b9bc18e713948bb483e66?s=96&d=mm&r=g","contentUrl":"https:\/\/secure.gravatar.com\/avatar\/01e64b01a61a5a469ff7cfa0fae4ffc3329c86bf738b9bc18e713948bb483e66?s=96&d=mm&r=g","caption":"author"}}]}},"_links":{"self":[{"href":"https:\/\/hofer.law\/en\/wp-json\/wp\/v2\/pages\/24410","targetHints":{"allow":["GET"]}}],"collection":[{"href":"https:\/\/hofer.law\/en\/wp-json\/wp\/v2\/pages"}],"about":[{"href":"https:\/\/hofer.law\/en\/wp-json\/wp\/v2\/types\/page"}],"author":[{"embeddable":true,"href":"https:\/\/hofer.law\/en\/wp-json\/wp\/v2\/users\/3"}],"replies":[{"embeddable":true,"href":"https:\/\/hofer.law\/en\/wp-json\/wp\/v2\/comments?post=24410"}],"version-history":[{"count":0,"href":"https:\/\/hofer.law\/en\/wp-json\/wp\/v2\/pages\/24410\/revisions"}],"wp:attachment":[{"href":"https:\/\/hofer.law\/en\/wp-json\/wp\/v2\/media?parent=24410"}],"curies":[{"name":"wp","href":"https:\/\/api.w.org\/{rel}","templated":true}]}}