{"id":24126,"date":"2022-11-19T15:42:11","date_gmt":"2022-11-19T14:42:11","guid":{"rendered":"https:\/\/hofer.law\/?page_id=24126"},"modified":"2023-10-04T01:44:39","modified_gmt":"2023-10-03T23:44:39","slug":"impressum","status":"publish","type":"page","link":"https:\/\/hofer.law\/en\/impressum\/","title":{"rendered":"imprint"},"content":{"rendered":"<div data-elementor-type=\"wp-page\" data-elementor-id=\"24126\" class=\"elementor elementor-24126\" data-elementor-post-type=\"page\">\n\t\t\t\t\t\t\t\t\t<section class=\"elementor-section elementor-top-section elementor-element elementor-element-6f5b408 elementor-section-boxed elementor-section-height-default elementor-section-height-default\" data-id=\"6f5b408\" data-element_type=\"section\" data-settings=\"{&quot;background_background&quot;:&quot;classic&quot;}\" data-e-bg-lazyload=\"\">\n\t\t\t\t\t\t\t<div class=\"elementor-background-overlay\"><\/div>\n\t\t\t\t\t\t\t<div class=\"elementor-container elementor-column-gap-default\">\n\t\t\t\t\t<div class=\"elementor-column elementor-col-100 elementor-top-column elementor-element elementor-element-75bddb7c\" data-id=\"75bddb7c\" data-element_type=\"column\">\n\t\t\t<div class=\"elementor-widget-wrap elementor-element-populated\">\n\t\t\t\t\t\t\t\t<section class=\"elementor-section elementor-inner-section elementor-element elementor-element-1f68c89a elementor-section-boxed elementor-section-height-default elementor-section-height-default\" data-id=\"1f68c89a\" data-element_type=\"section\">\n\t\t\t\t\t\t<div class=\"elementor-container elementor-column-gap-no\">\n\t\t\t\t\t<div class=\"elementor-column elementor-col-100 elementor-inner-column elementor-element elementor-element-703527ab\" data-id=\"703527ab\" data-element_type=\"column\">\n\t\t\t<div class=\"elementor-widget-wrap elementor-element-populated\">\n\t\t\t\t\t\t\t\t<div class=\"elementor-element elementor-element-3f894e2b elementor-widget elementor-widget-heading\" data-id=\"3f894e2b\" data-element_type=\"widget\" data-widget_type=\"heading.default\">\n\t\t\t\t<div class=\"elementor-widget-container\">\n\t\t\t<style>\/*! elementor - v3.18.0 - 20-12-2023 *\/\n.elementor-heading-title{padding:0;margin:0;line-height:1}.elementor-widget-heading .elementor-heading-title[class*=elementor-size-]>a{color:inherit;font-size:inherit;line-height:inherit}.elementor-widget-heading .elementor-heading-title.elementor-size-small{font-size:15px}.elementor-widget-heading .elementor-heading-title.elementor-size-medium{font-size:19px}.elementor-widget-heading .elementor-heading-title.elementor-size-large{font-size:29px}.elementor-widget-heading .elementor-heading-title.elementor-size-xl{font-size:39px}.elementor-widget-heading .elementor-heading-title.elementor-size-xxl{font-size:59px}<\/style><h2 class=\"elementor-heading-title elementor-size-default\">imprint<\/h2>\t\t<\/div>\n\t\t\t\t<\/div>\n\t\t\t\t\t<\/div>\n\t\t<\/div>\n\t\t\t\t\t\t\t<\/div>\n\t\t<\/section>\n\t\t\t\t\t<\/div>\n\t\t<\/div>\n\t\t\t\t\t\t\t<\/div>\n\t\t<\/section>\n\t\t\t\t<section class=\"elementor-section elementor-top-section elementor-element elementor-element-1e6c745e elementor-section-boxed elementor-section-height-default elementor-section-height-default\" data-id=\"1e6c745e\" data-element_type=\"section\" data-settings=\"{&quot;background_background&quot;:&quot;classic&quot;}\">\n\t\t\t\t\t\t<div class=\"elementor-container elementor-column-gap-default\">\n\t\t\t\t\t<div class=\"elementor-column elementor-col-100 elementor-top-column elementor-element elementor-element-1570d4\" data-id=\"1570d4\" data-element_type=\"column\">\n\t\t\t<div class=\"elementor-widget-wrap elementor-element-populated\">\n\t\t\t\t\t\t\t\t<div class=\"elementor-element elementor-element-224cfb7b elementor-widget__width-initial elementor-widget-mobile__width-initial elementor-widget elementor-widget-text-editor\" data-id=\"224cfb7b\" data-element_type=\"widget\" data-widget_type=\"text-editor.default\">\n\t\t\t\t<div class=\"elementor-widget-container\">\n\t\t\t<style>\/*! elementor - v3.18.0 - 20-12-2023 *\/\n.elementor-widget-text-editor.elementor-drop-cap-view-stacked .elementor-drop-cap{background-color:#69727d;color:#fff}.elementor-widget-text-editor.elementor-drop-cap-view-framed .elementor-drop-cap{color:#69727d;border:3px solid;background-color:transparent}.elementor-widget-text-editor:not(.elementor-drop-cap-view-default) .elementor-drop-cap{margin-top:8px}.elementor-widget-text-editor:not(.elementor-drop-cap-view-default) .elementor-drop-cap-letter{width:1em;height:1em}.elementor-widget-text-editor .elementor-drop-cap{float:left;text-align:center;line-height:1;font-size:50px}.elementor-widget-text-editor .elementor-drop-cap-letter{display:inline-block}<\/style>\t\t\t\t<p><strong>imprint<\/strong><\/p><p><strong>Information obligation according to \u00a7 5 paragraph 1 E-Commerce Act:<\/strong><\/p><p>Company: Hofer Rechtsanwalts GmbH (\u201c<strong>Hofer.Law<\/strong>&quot;)<\/p><p>Commercial register number: 546785 x, Vienna Commercial Court<\/p><p>Business address: Hoher Markt 4, 1010 Vienna, Austria<\/p><p>Telephone: +43 (1) 91 666 87<\/p><p>Email: office@hofer.law<\/p><p>UID: ATU76318913<\/p><p>The lawyers at Hofer.Law are members of the Vienna Bar Association.<\/p><p>The lawyers and trainee lawyers at Hofer.Law are subject to the code of conduct for lawyers (RAO, RL-BA, EuRAG), compliance with which is monitored by the disciplinary councils of the Austrian Bar Associations. The Disciplinary Councils ensure that lawyers comply with their professional duties.<\/p><p>You can find more detailed information on the legal regulations of the professional code of conduct, the disciplinary councils and the bar associations on the website of the Austrian Bar Association.<\/p><p>We calculate our fee according to the Lawyers&#039; Tariff Act (RATG), the general fee criteria of the Austrian Bar Association (AHK) and by free agreement (hourly rates and flat rates). The currently valid version of the RATG and the AHK can be found here.<\/p><p><strong>Disclosure according to Section 25 Paragraph 2 of the Media Act<\/strong><\/p><p>The media owner is Hofer Rechtsanwalts GmbH (FN 546785 x) based in Vienna. The purpose of the company is to practice the legal profession, including the necessary auxiliary and secondary activities. The managing directors are Mag. Roland Hofer, LL.M., MBA (Cantab) and Mag. Stefanie Swatek, who are also shareholders of Hofer Rechtsanwalts GmbH with the following shares:<\/p><p>Stefanie Swatek (20 %)<\/p><p>Mag. Roland Hofer, LL.M., MBA (Cantab) (80%)<\/p><p><strong>Disclosure according to Section 25 Paragraph 4 of the Media Act<\/strong><\/p><p>Our website is aimed at existing and future clients, customers and other persons interested in legal advice. The content of our website is:<\/p><p>the presentation of Hofer Rechtsanwalts GmbH (Hofer.Law),<\/p><p>the presentation of the range of services offered by Hofer.Law<\/p><p>and non-binding information on legal topics and issues.<\/p><p><strong>Disclaimer<\/strong><\/p><p>Our website merely represents general preliminary information and can in no way replace well-founded and personal legal advice. The employees of Hofer.Law endeavor to keep the information up to date, but Hofer.Law assumes no liability for the topicality, correctness and completeness of the information provided here. In particular, Hofer.Law excludes liability for any direct or indirect damage, claims for damages, consequential damage of any kind and for any legal reason that may arise as a result of accessing or using the website and the information provided.<\/p><p>Hyperlinks represent an additional offer of information. Hofer.Law assumes no responsibility for the content of third-party providers on external websites.<\/p>\t\t\t\t\t\t<\/div>\n\t\t\t\t<\/div>\n\t\t\t\t<div class=\"elementor-element elementor-element-5bfe910a elementor-widget-divider--view-line elementor-widget elementor-widget-divider\" data-id=\"5bfe910a\" data-element_type=\"widget\" data-widget_type=\"divider.default\">\n\t\t\t\t<div class=\"elementor-widget-container\">\n\t\t\t<style>\/*! elementor - v3.18.0 - 20-12-2023 *\/\n.elementor-widget-divider{--divider-border-style:none;--divider-border-width:1px;--divider-color:#0c0d0e;--divider-icon-size:20px;--divider-element-spacing:10px;--divider-pattern-height:24px;--divider-pattern-size:20px;--divider-pattern-url:none;--divider-pattern-repeat:repeat-x}.elementor-widget-divider .elementor-divider{display:flex}.elementor-widget-divider .elementor-divider__text{font-size:15px;line-height:1;max-width:95%}.elementor-widget-divider .elementor-divider__element{margin:0 var(--divider-element-spacing);flex-shrink:0}.elementor-widget-divider .elementor-icon{font-size:var(--divider-icon-size)}.elementor-widget-divider .elementor-divider-separator{display:flex;margin:0;direction:ltr}.elementor-widget-divider--view-line_icon .elementor-divider-separator,.elementor-widget-divider--view-line_text .elementor-divider-separator{align-items:center}.elementor-widget-divider--view-line_icon .elementor-divider-separator:after,.elementor-widget-divider--view-line_icon .elementor-divider-separator:before,.elementor-widget-divider--view-line_text .elementor-divider-separator:after,.elementor-widget-divider--view-line_text .elementor-divider-separator:before{display:block;content:\"\";border-bottom:0;flex-grow:1;border-top:var(--divider-border-width) var(--divider-border-style) var(--divider-color)}.elementor-widget-divider--element-align-left .elementor-divider .elementor-divider-separator>.elementor-divider__svg:first-of-type{flex-grow:0;flex-shrink:100}.elementor-widget-divider--element-align-left .elementor-divider-separator:before{content:none}.elementor-widget-divider--element-align-left .elementor-divider__element{margin-left:0}.elementor-widget-divider--element-align-right .elementor-divider .elementor-divider-separator>.elementor-divider__svg:last-of-type{flex-grow:0;flex-shrink:100}.elementor-widget-divider--element-align-right .elementor-divider-separator:after{content:none}.elementor-widget-divider--element-align-right .elementor-divider__element{margin-right:0}.elementor-widget-divider:not(.elementor-widget-divider--view-line_text):not(.elementor-widget-divider--view-line_icon) .elementor-divider-separator{border-top:var(--divider-border-width) var(--divider-border-style) var(--divider-color)}.elementor-widget-divider--separator-type-pattern{--divider-border-style:none}.elementor-widget-divider--separator-type-pattern.elementor-widget-divider--view-line .elementor-divider-separator,.elementor-widget-divider--separator-type-pattern:not(.elementor-widget-divider--view-line) .elementor-divider-separator:after,.elementor-widget-divider--separator-type-pattern:not(.elementor-widget-divider--view-line) .elementor-divider-separator:before,.elementor-widget-divider--separator-type-pattern:not([class*=elementor-widget-divider--view]) .elementor-divider-separator{width:100%;min-height:var(--divider-pattern-height);-webkit-mask-size:var(--divider-pattern-size) 100%;mask-size:var(--divider-pattern-size) 100%;-webkit-mask-repeat:var(--divider-pattern-repeat);mask-repeat:var(--divider-pattern-repeat);background-color:var(--divider-color);-webkit-mask-image:var(--divider-pattern-url);mask-image:var(--divider-pattern-url)}.elementor-widget-divider--no-spacing{--divider-pattern-size:auto}.elementor-widget-divider--bg-round{--divider-pattern-repeat:round}.rtl .elementor-widget-divider .elementor-divider__text{direction:rtl}.e-con-inner>.elementor-widget-divider,.e-con>.elementor-widget-divider{width:var(--container-widget-width,100%);--flex-grow:var(--container-widget-flex-grow)}<\/style>\t\t<div class=\"elementor-divider\">\n\t\t\t<span class=\"elementor-divider-separator\">\n\t\t\t\t\t\t<\/span>\n\t\t<\/div>\n\t\t\t\t<\/div>\n\t\t\t\t<\/div>\n\t\t\t\t\t<\/div>\n\t\t<\/div>\n\t\t\t\t\t\t\t<\/div>\n\t\t<\/section>\n\t\t\t\t\t\t\t<\/div>","protected":false},"excerpt":{"rendered":"<p>Impressum Impressum Informationspflicht nach \u00a7 5 Absatz 1 E-Commerce-Gesetz: Firma: Hofer Rechtsanwalts GmbH (\u201eHofer.Law\u201c) Firmenbuchnummer: 546785 x, Handelsgericht Wien Gesch\u00e4ftsanschrift: Hoher Markt 4, 1010 Wien, \u00d6sterreich Telefon: +43 (1) 91 666 87 E-Mail: office@hofer.law UID: ATU76318913 Die Rechtsanw\u00e4lte von Hofer.Law sind Mitglieder der Wiener Rechtsanwaltskammer. Die Rechtsanw\u00e4lt*innen und Rechtsanwaltsanw\u00e4rter*innen von Hofer.Law unterliegen dem Standesrecht der [&hellip;]<\/p>","protected":false},"author":3,"featured_media":0,"parent":0,"menu_order":0,"comment_status":"closed","ping_status":"closed","template":"elementor_header_footer","meta":{"footnotes":""},"class_list":["post-24126","page","type-page","status-publish","hentry"],"yoast_head":"<!-- This site is optimized with the Yoast SEO Premium plugin v21.1 (Yoast SEO v21.4) - https:\/\/yoast.com\/wordpress\/plugins\/seo\/ -->\n<title>WIRTSCHAFTSKANZLEI F\u00dcR UNTERNEHMEN &amp; PRIVATE CLIENTS IN WIEN<\/title>\n<meta name=\"description\" content=\"Sie sind auf der Suche nach einem professionellen Partner f\u00fcr Ihre rechtlichen Angelegenheiten? Mit uns sind Sie stark, wenn aus dem Wind ein Sturm wird\" \/>\n<meta name=\"robots\" content=\"noindex, follow\" \/>\n<meta property=\"og:locale\" content=\"en_GB\" \/>\n<meta property=\"og:type\" content=\"article\" \/>\n<meta property=\"og:title\" content=\"Impressum\" \/>\n<meta property=\"og:url\" content=\"https:\/\/hofer.law\/en\/impressum\/\" \/>\n<meta property=\"article:modified_time\" content=\"2023-10-03T23:44:39+00:00\" \/>\n<meta property=\"og:image\" content=\"https:\/\/hofer.law\/wp-content\/uploads\/2022\/12\/DSF9100-scaled.jpeg\" \/>\n\t<meta property=\"og:image:width\" content=\"2560\" \/>\n\t<meta property=\"og:image:height\" content=\"1707\" \/>\n\t<meta property=\"og:image:type\" content=\"image\/jpeg\" \/>\n<meta name=\"twitter:label1\" content=\"Estimated reading time\" \/>\n\t<meta name=\"twitter:data1\" content=\"2 minutes\" \/>\n<script type=\"application\/ld+json\" class=\"yoast-schema-graph\">{\"@context\":\"https:\/\/schema.org\",\"@graph\":[{\"@type\":[\"Article\",\"BlogPosting\"],\"@id\":\"https:\/\/hofer.law\/impressum\/#article\",\"isPartOf\":{\"@id\":\"https:\/\/hofer.law\/impressum\/\"},\"author\":{\"name\":\"author\",\"@id\":\"https:\/\/hofer.law\/#\/schema\/person\/eabbe1f2954854e166eae2c9b6dc5b5a\"},\"headline\":\"Impressum\",\"datePublished\":\"2022-11-19T14:42:11+00:00\",\"dateModified\":\"2023-10-03T23:44:39+00:00\",\"mainEntityOfPage\":{\"@id\":\"https:\/\/hofer.law\/impressum\/\"},\"wordCount\":386,\"publisher\":{\"@id\":\"https:\/\/hofer.law\/#organization\"},\"inLanguage\":\"en-GB\"},{\"@type\":\"WebPage\",\"@id\":\"https:\/\/hofer.law\/impressum\/\",\"url\":\"https:\/\/hofer.law\/impressum\/\",\"name\":\"WIRTSCHAFTSKANZLEI F\u00dcR UNTERNEHMEN & PRIVATE CLIENTS IN WIEN\",\"isPartOf\":{\"@id\":\"https:\/\/hofer.law\/#website\"},\"datePublished\":\"2022-11-19T14:42:11+00:00\",\"dateModified\":\"2023-10-03T23:44:39+00:00\",\"description\":\"Sie sind auf der Suche nach einem professionellen Partner f\u00fcr Ihre rechtlichen Angelegenheiten? Mit uns sind Sie stark, wenn aus dem Wind ein Sturm wird\",\"breadcrumb\":{\"@id\":\"https:\/\/hofer.law\/impressum\/#breadcrumb\"},\"inLanguage\":\"en-GB\",\"potentialAction\":[{\"@type\":\"ReadAction\",\"target\":[\"https:\/\/hofer.law\/impressum\/\"]}]},{\"@type\":\"BreadcrumbList\",\"@id\":\"https:\/\/hofer.law\/impressum\/#breadcrumb\",\"itemListElement\":[{\"@type\":\"ListItem\",\"position\":1,\"name\":\"WIRTSCHAFTSKANZLEI F\u00dcR UNTERNEHMEN &amp; PRIVATE CLIENTS IN WIEN\",\"item\":\"https:\/\/hofer.law\/\"},{\"@type\":\"ListItem\",\"position\":2,\"name\":\"Impressum\"}]},{\"@type\":\"WebSite\",\"@id\":\"https:\/\/hofer.law\/#website\",\"url\":\"https:\/\/hofer.law\/\",\"name\":\"hofer.law\",\"description\":\"WIRTSCHAFTSKANZLEI F\u00dcR UNTERNEHMEN &amp; PRIVATE CLIENTS IN WIEN\",\"publisher\":{\"@id\":\"https:\/\/hofer.law\/#organization\"},\"alternateName\":\"Hofer Rechtsanwalts GmbH\",\"potentialAction\":[{\"@type\":\"SearchAction\",\"target\":{\"@type\":\"EntryPoint\",\"urlTemplate\":\"https:\/\/hofer.law\/?s={search_term_string}\"},\"query-input\":\"required name=search_term_string\"}],\"inLanguage\":\"en-GB\"},{\"@type\":\"Organization\",\"@id\":\"https:\/\/hofer.law\/#organization\",\"name\":\"Hofer Rechtsanwalts GmbH\",\"alternateName\":\"Hofer.Law\",\"url\":\"https:\/\/hofer.law\/\",\"logo\":{\"@type\":\"ImageObject\",\"inLanguage\":\"en-GB\",\"@id\":\"https:\/\/hofer.law\/#\/schema\/logo\/image\/\",\"url\":\"https:\/\/hofer.law\/wp-content\/uploads\/2022\/10\/1634821291411.jpeg\",\"contentUrl\":\"https:\/\/hofer.law\/wp-content\/uploads\/2022\/10\/1634821291411.jpeg\",\"width\":200,\"height\":200,\"caption\":\"Hofer Rechtsanwalts GmbH\"},\"image\":{\"@id\":\"https:\/\/hofer.law\/#\/schema\/logo\/image\/\"},\"sameAs\":[\"https:\/\/www.linkedin.com\/company\/hofer-law-hofer-rechtsanwalts-gmbh\/\"],\"publishingPrinciples\":\"https:\/\/hofer.law\/datenschutz\/\",\"ownershipFundingInfo\":\"https:\/\/hofer.law\/impressum\/\",\"actionableFeedbackPolicy\":\"https:\/\/hofer.law\/impressum\/\",\"ethicsPolicy\":\"https:\/\/hofer.law\/impressum\/\"},{\"@type\":\"Person\",\"@id\":\"https:\/\/hofer.law\/#\/schema\/person\/eabbe1f2954854e166eae2c9b6dc5b5a\",\"name\":\"author\",\"image\":{\"@type\":\"ImageObject\",\"inLanguage\":\"en-GB\",\"@id\":\"https:\/\/hofer.law\/#\/schema\/person\/image\/\",\"url\":\"https:\/\/secure.gravatar.com\/avatar\/01e64b01a61a5a469ff7cfa0fae4ffc3329c86bf738b9bc18e713948bb483e66?s=96&d=mm&r=g\",\"contentUrl\":\"https:\/\/secure.gravatar.com\/avatar\/01e64b01a61a5a469ff7cfa0fae4ffc3329c86bf738b9bc18e713948bb483e66?s=96&d=mm&r=g\",\"caption\":\"author\"}}]}<\/script>\n<!-- \/ Yoast SEO Premium plugin. -->","yoast_head_json":{"title":"WIRTSCHAFTSKANZLEI F\u00dcR UNTERNEHMEN & PRIVATE CLIENTS IN WIEN","description":"Sie sind auf der Suche nach einem professionellen Partner f\u00fcr Ihre rechtlichen Angelegenheiten? Mit uns sind Sie stark, wenn aus dem Wind ein Sturm wird","robots":{"index":"noindex","follow":"follow"},"og_locale":"en_GB","og_type":"article","og_title":"Impressum","og_url":"https:\/\/hofer.law\/en\/impressum\/","article_modified_time":"2023-10-03T23:44:39+00:00","og_image":[{"width":2560,"height":1707,"url":"https:\/\/hofer.law\/wp-content\/uploads\/2022\/12\/DSF9100-scaled.jpeg","type":"image\/jpeg"}],"twitter_misc":{"Estimated reading time":"2 minutes"},"schema":{"@context":"https:\/\/schema.org","@graph":[{"@type":["Article","BlogPosting"],"@id":"https:\/\/hofer.law\/impressum\/#article","isPartOf":{"@id":"https:\/\/hofer.law\/impressum\/"},"author":{"name":"author","@id":"https:\/\/hofer.law\/#\/schema\/person\/eabbe1f2954854e166eae2c9b6dc5b5a"},"headline":"Impressum","datePublished":"2022-11-19T14:42:11+00:00","dateModified":"2023-10-03T23:44:39+00:00","mainEntityOfPage":{"@id":"https:\/\/hofer.law\/impressum\/"},"wordCount":386,"publisher":{"@id":"https:\/\/hofer.law\/#organization"},"inLanguage":"en-GB"},{"@type":"WebPage","@id":"https:\/\/hofer.law\/impressum\/","url":"https:\/\/hofer.law\/impressum\/","name":"WIRTSCHAFTSKANZLEI F\u00dcR UNTERNEHMEN & PRIVATE CLIENTS IN WIEN","isPartOf":{"@id":"https:\/\/hofer.law\/#website"},"datePublished":"2022-11-19T14:42:11+00:00","dateModified":"2023-10-03T23:44:39+00:00","description":"Sie sind auf der Suche nach einem professionellen Partner f\u00fcr Ihre rechtlichen Angelegenheiten? Mit uns sind Sie stark, wenn aus dem Wind ein Sturm wird","breadcrumb":{"@id":"https:\/\/hofer.law\/impressum\/#breadcrumb"},"inLanguage":"en-GB","potentialAction":[{"@type":"ReadAction","target":["https:\/\/hofer.law\/impressum\/"]}]},{"@type":"BreadcrumbList","@id":"https:\/\/hofer.law\/impressum\/#breadcrumb","itemListElement":[{"@type":"ListItem","position":1,"name":"WIRTSCHAFTSKANZLEI F\u00dcR UNTERNEHMEN &amp; PRIVATE CLIENTS IN WIEN","item":"https:\/\/hofer.law\/"},{"@type":"ListItem","position":2,"name":"Impressum"}]},{"@type":"WebSite","@id":"https:\/\/hofer.law\/#website","url":"https:\/\/hofer.law\/","name":"hofer.law","description":"WIRTSCHAFTSKANZLEI F\u00dcR UNTERNEHMEN &amp; PRIVATE CLIENTS IN WIEN","publisher":{"@id":"https:\/\/hofer.law\/#organization"},"alternateName":"Hofer Rechtsanwalts GmbH","potentialAction":[{"@type":"SearchAction","target":{"@type":"EntryPoint","urlTemplate":"https:\/\/hofer.law\/?s={search_term_string}"},"query-input":"required name=search_term_string"}],"inLanguage":"en-GB"},{"@type":"Organization","@id":"https:\/\/hofer.law\/#organization","name":"Hofer Rechtsanwalts GmbH","alternateName":"Hofer.Law","url":"https:\/\/hofer.law\/","logo":{"@type":"ImageObject","inLanguage":"en-GB","@id":"https:\/\/hofer.law\/#\/schema\/logo\/image\/","url":"https:\/\/hofer.law\/wp-content\/uploads\/2022\/10\/1634821291411.jpeg","contentUrl":"https:\/\/hofer.law\/wp-content\/uploads\/2022\/10\/1634821291411.jpeg","width":200,"height":200,"caption":"Hofer Rechtsanwalts GmbH"},"image":{"@id":"https:\/\/hofer.law\/#\/schema\/logo\/image\/"},"sameAs":["https:\/\/www.linkedin.com\/company\/hofer-law-hofer-rechtsanwalts-gmbh\/"],"publishingPrinciples":"https:\/\/hofer.law\/datenschutz\/","ownershipFundingInfo":"https:\/\/hofer.law\/impressum\/","actionableFeedbackPolicy":"https:\/\/hofer.law\/impressum\/","ethicsPolicy":"https:\/\/hofer.law\/impressum\/"},{"@type":"Person","@id":"https:\/\/hofer.law\/#\/schema\/person\/eabbe1f2954854e166eae2c9b6dc5b5a","name":"author","image":{"@type":"ImageObject","inLanguage":"en-GB","@id":"https:\/\/hofer.law\/#\/schema\/person\/image\/","url":"https:\/\/secure.gravatar.com\/avatar\/01e64b01a61a5a469ff7cfa0fae4ffc3329c86bf738b9bc18e713948bb483e66?s=96&d=mm&r=g","contentUrl":"https:\/\/secure.gravatar.com\/avatar\/01e64b01a61a5a469ff7cfa0fae4ffc3329c86bf738b9bc18e713948bb483e66?s=96&d=mm&r=g","caption":"author"}}]}},"_links":{"self":[{"href":"https:\/\/hofer.law\/en\/wp-json\/wp\/v2\/pages\/24126","targetHints":{"allow":["GET"]}}],"collection":[{"href":"https:\/\/hofer.law\/en\/wp-json\/wp\/v2\/pages"}],"about":[{"href":"https:\/\/hofer.law\/en\/wp-json\/wp\/v2\/types\/page"}],"author":[{"embeddable":true,"href":"https:\/\/hofer.law\/en\/wp-json\/wp\/v2\/users\/3"}],"replies":[{"embeddable":true,"href":"https:\/\/hofer.law\/en\/wp-json\/wp\/v2\/comments?post=24126"}],"version-history":[{"count":0,"href":"https:\/\/hofer.law\/en\/wp-json\/wp\/v2\/pages\/24126\/revisions"}],"wp:attachment":[{"href":"https:\/\/hofer.law\/en\/wp-json\/wp\/v2\/media?parent=24126"}],"curies":[{"name":"wp","href":"https:\/\/api.w.org\/{rel}","templated":true}]}}